{"id":19,"date":"2019-04-11T15:42:36","date_gmt":"2019-04-11T18:42:36","guid":{"rendered":"http:\/\/criapediatria.com.br\/index.php\/homepage\/"},"modified":"2019-09-22T19:57:25","modified_gmt":"2019-09-22T22:57:25","slug":"homepage","status":"publish","type":"page","link":"https:\/\/criapediatria.com.br\/","title":{"rendered":"Homepage"},"content":{"rendered":"<p><!-- epsilon\/hero --><br \/>\nAtendimento especializado para seu filho, tranquilidade para voc\u00ea.<br \/>\nPediatria, neurologia e gastroenterologia pedi\u00e1tricas em um s\u00f3 lugar.<br \/>\n<img decoding=\"async\" src=\"http:\/\/criapediatria.com.br\/wp-content\/uploads\/2019\/09\/back-1.png\" \/><br \/>\n<!-- epsilon\/Services --><br \/>\nMarca\u00e7\u00e3o de consultas<br \/>\nAgende sua consulta online<br \/>\n<!-- \/epsilon\/Services--><br \/>\n<!-- epsilon\/Services --><br \/>\nWhatsapp<br \/>\nEntre em contato agora<br \/>\n<!-- \/epsilon\/Services--><br \/>\n<!-- \/epsilon\/hero --><\/p>\n<p><!-- epsilon\/specialties --><br \/>\n<!-- epsilon\/Specialties --><br \/>\nPediatria<br \/>\nAcompanhando seu filho desde o pr\u00e9-natal at\u00e9 a adolesc\u00eancia<br \/>\n<!-- \/epsilon\/Specialties--><br \/>\n<!-- epsilon\/Specialties --><br \/>\nGastroenterologia pedi\u00e1trica<br \/>\nAcompanhamento, reabilita\u00e7\u00e3o e tratamento para doen\u00e7as do trato digestivo infantil.<br \/>\n<!-- \/epsilon\/Specialties--><br \/>\n<!-- epsilon\/Specialties --><br \/>\nNeurologia pedi\u00e1trica<br \/>\nAcompanhamos o desenvolvimento de seu filho, em suas aquisi\u00e7\u00f5es motoras, cognitivas e de linguagem, desde o nascimento at\u00e9 a adolesc\u00eancia.<br \/>\n<!-- \/epsilon\/Specialties--><br \/>\n<!-- \/epsilon\/specialties --><\/p>\n<p><!-- epsilon\/about --><br \/>\nEss\u00eancia e prop\u00f3sito<br \/>\nQueremos cuidar da inf\u00e2ncia real<br \/>\n<!-- epsilon\/About --><br \/>\nAcreditamos que a primeira inf\u00e2ncia constitui o ser humano. Um sujeito que, para existir, precisa do cuidado e aten\u00e7\u00e3o de outro ser humano. \u00c9 atrav\u00e9s do olhar da crian\u00e7a que criamos cen\u00e1rios poss\u00edveis e imagin\u00e1rios. A m\u00e3e suficientemente boa aceita e acolhe as express\u00f5es do beb\u00ea. N\u00e3o imp\u00f5e o que pensa ser o certo, mas permite ao filho ter experi\u00eancias nas quais ele \u00e9 sempre sujeito. Empoderar os pais e filhos nessa experi\u00eancia \u00e9 a nossa causa. Entregando nosso tempo, uma escuta atenta e a seguran\u00e7a necess\u00e1ria para desenvolver autonomia.<br \/>\n<!-- \/epsilon\/About--><br \/>\n<!-- epsilon\/About --><br \/>\n Nosso olhar \u00e9 voltado para a crian\u00e7a. \u00c9 atrav\u00e9s da \u00f3tica da crian\u00e7a que sustentamos nossas a\u00e7\u00f5es. Respeitando e mantendo sua alegria e pureza em tudo o que fazemos. Para as crian\u00e7as a vida n\u00e3o tem nada de complicada, ent\u00e3o nosso objetivo \u00e9 desmistificar essa fase da vida. Aliviar as tens\u00f5es e ambival\u00eancia vividas por quem desempenha essa fun\u00e7\u00e3o materna\/paterna. A fim de n\u00e3o impor barreiras ao desenvolvimento livre das crian\u00e7as.  Queremos ser parceiros das fam\u00edlias. Cuidar de seres humanos.<br \/>\n<!-- \/epsilon\/About--><br \/>\n<!-- epsilon\/About --><br \/>\nResgatar valores essenciais que jamais perderam significado. A base de uma sociedade equilibrada s\u00e3o os v\u00ednculos e a inteireza que desenvolvemos nas fases iniciais. Em intera\u00e7\u00e3o e estimulados pelas nossas primeiras figuras de afeto e amor. Nosso olhar \u00e9 multidisciplinar, cuidar das crian\u00e7as como um todo. Simplificar a maternidade\/paternidade.<br \/>\nPor rela\u00e7\u00f5es mais humanas. Por uma inf\u00e2ncia vivida por inteiro. Por uma inf\u00e2ncia real.<br \/>\n<!-- \/epsilon\/About--><br \/>\n<!-- \/epsilon\/about --><\/p>\n<p><!-- epsilon\/doctors --><br \/>\nConhe\u00e7a nossos especialistas.<br \/>\n<!-- epsilon\/Doctors --><br \/>\nDra. Cristina Targa Ferreira | CRM 12.788<br \/>\nGastroenterologia pedi\u00e1trica<br \/>\nCristina Targa Ferreira \u00e9 gastroenterologista pedi\u00e1trica. \u00c9 graduada em medicina pela UFPEL (1982) e p\u00f3s-graduada em Pediatria, Gastroenterologia Pedi\u00e1trica, Endoscopia Digestiva e Hepatologia, com mestrado em Hepatologia pela FFFCMPA em 1992 e doutorado em Gastroenterologia pela Universidade Federal do Rio Grande do Sul. Sul (2001). Atualmente, est\u00e1 cursando p\u00f3s-doutorado em Epidemiologia na UFPEL. \u00c9 chefe do Programa do GI Pedi\u00e1trico do HCSA e Presidente da Sociedade de Pediatria do Estado do Rio Grande do Sul.<br \/>\n<img decoding=\"async\" src=\"http:\/\/criapediatria.com.br\/wp-content\/uploads\/2019\/04\/Cristina.jpg\" \/><br \/>\nhttps:\/\/www.facebook.com\/cristina.targaferreira<br \/>\nhttps:\/\/www.linkedin.com\/in\/cristina-targa-35339317<br \/>\n<!-- \/epsilon\/Doctors--><br \/>\n<!-- epsilon\/Doctors --><br \/>\nDra. Luiza Salgado Nader | CRM 39.406<br \/>\nGastroenterologia Pedi\u00e1trica<br \/>\nM\u00e9dica formada pela Universidade Luterana do Brasil (ULBRA) ,pediatra formada pela Pontif\u00edcia Universidade Cat\u00f3lica do Rio Grande do Sul (PUCRS), Gastroenterologista Pedi\u00e1trica pela Universidade Federal de Ci\u00eancias da Sa\u00fade de Porto Alegre (UFCSPA),<br \/>\nM\u00e9dica Assistente no Servi\u00e7o de Gastroenterologia Pedi\u00e1trica do Hospital da Crian\u00e7a Santo Ant\u00f4nio- Gastroenterologista e Endoscopista Pedi\u00e1trica<br \/>\nForma\u00e7\u00e3o em andamento em Hepatologia e Colonoscopia Pedi\u00e1trica<br \/>\n<img decoding=\"async\" src=\"http:\/\/criapediatria.com.br\/wp-content\/uploads\/2019\/07\/Luiza.jpg\" \/><br \/>\n<!-- \/epsilon\/Doctors--><br \/>\n<!-- epsilon\/Doctors --><br \/>\nDra. Marta Hemb | CRM 26.344<br \/>\nNeurologia infantil<br \/>\nNeurologista infantil, doutora em neuroci\u00eancias pela PUCRS, membro do Servi\u00e7o de Neurologia infantil dos hospitais Moinhos de Vento e S\u00e3o Lucas da PUCRS (Porto Alegre) e Albert Einstein (S\u00e3o Paulo)<br \/>\n<img decoding=\"async\" src=\"http:\/\/criapediatria.com.br\/wp-content\/uploads\/2019\/07\/Marta.png\" \/><br \/>\nhttps:\/\/br.linkedin.com\/in\/marta-hemb-496414183<br \/>\n<!-- \/epsilon\/Doctors--><br \/>\n<!-- epsilon\/Doctors --><br \/>\nDr. Tzvi Bacaltchuk | CRM 9.295<br \/>\nPediatra<br \/>\nTzvi Bacaltchuk, o Dr. Tuta, \u00e9 m\u00e9dico pediatra h\u00e1 40 anos, portanto j\u00e1 atendeu algumas gera\u00e7\u00f5es de pais e filhos em seu consult\u00f3rio. \u00c9 especialista em p\u00f3s-operat\u00f3rio de cirurgia card\u00edaca pedi\u00e1trica pela International Heart School de B\u00e9rgamo, It\u00e1lia. O Dr. Tuta tem cl\u00ednica em Porto Alegre, atua tamb\u00e9m no Instituto de Cardiologia do Rio Grande do Sul e no Hospital Moinhos de Vento. \u00c9 autor de Manual de sobreviv\u00eancia do Menino Maluquinho, junto com o desenhista Ziraldo.<br \/>\n<img decoding=\"async\" src=\"http:\/\/criapediatria.com.br\/wp-content\/uploads\/2019\/04\/Tzvi.jpg\" \/><br \/>\nhttps:\/\/www.facebook.com\/tzvi.bacaltchuk<br \/>\nhttps:\/\/br.linkedin.com\/in\/tzvi-bacaltchuk-62ba4076<br \/>\n<!-- \/epsilon\/Doctors--><br \/>\n<!-- epsilon\/Doctors --><br \/>\nDra. Valeria Raymundo Fonteles Ritter | CRM 21.945<br \/>\nNeuropediatria<\/p>\n<div class=\"freebirdFormviewerViewNumberedItemContainer\">\n<div class=\"freebirdFormviewerViewItemsItemItem freebirdFormviewerViewItemsTextTextItem\" role=\"listitem\" data-required=\"true\" data-item-id=\"1289358946\">\n<div class=\"freebirdFormviewerViewItemsTextItemWrapper\">\n<div class=\"freebirdFormviewerViewItemsTextShortText freebirdFormviewerViewItemsTextDisabledText freebirdThemedInput\">M\u00e9dica formada pela FFFCMPA, com resid\u00eancia em pediatria no Hospital da Crian\u00e7a Santo Ant\u00f4nio e resid\u00eancia em Neurologia Pedi\u00e1trica no Hospital de C\u00ednicas de Porto Alegre. Especializa\u00e7\u00e3o em Eletroencefalografia. T\u00edtulo de Especialista em Neurologia Pedi\u00e1trica pela Sociedade Brasileira de Pediatria e Neurologia e Associa\u00e7\u00e3o Medica Brasileira desde 2004. Neurologista Pedi\u00e1trica do Hospital Moinhos de Vento e HMIPV desde 2009. Neurologista pedi\u00e1trica respons\u00e1vel pela UTI Neonatal do Hospital da Crian\u00e7a Concei\u00e7\u00e3o e neurologista pedi\u00e1trica respons\u00e1vel pelo Ambulat\u00f3rio Desenvolver (seguimento de prematuros e beb\u00eas de risco oriundos da UTI neonatal)<\/div>\n<\/div>\n<\/div>\n<\/div>\n<p><img decoding=\"async\" src=\"http:\/\/criapediatria.com.br\/wp-content\/uploads\/2019\/07\/PHOTO-2019-07-10-08-07-12.jpg\" \/><br \/>\n<!-- \/epsilon\/Doctors--><br \/>\n<!-- \/epsilon\/doctors --><\/p>\n<p><!-- epsilon\/openhours --><br \/>\nExperi\u00eancia de alto n\u00edvel<\/p>\n<p class=\"text-center\">Nossos especialistas garantem a excel\u00eancia no atendimento<\/p>\n<p class=\"text-center\"><a class=\"btn btn-small\" href=\"#\">Agende sua consulta<\/a><\/p>\n<p><img decoding=\"async\" src=\"http:\/\/criapediatria.com.br\/wp-content\/uploads\/2019\/09\/DSC_0276-1.jpg\" \/><br \/>\n<!-- epsilon\/Schedule --><br \/>\nSegundas \u00e0 sextas-feiras<br \/>\n8:00 &#8211; 20:00<br \/>\n<!-- \/epsilon\/Schedule--><br \/>\n<!-- \/epsilon\/openhours --><\/p>\n<p><!-- epsilon\/appointment --><br \/>\nAgende uma consulta on-line<br \/>\nVoc\u00ea n\u00e3o precisa que seu m\u00e9dico ou profissional de sa\u00fade tome provid\u00eancias para voc\u00ea. Agora \u00e9 f\u00e1cil e r\u00e1pido e voc\u00ea pode reservar uma consulta em poucos minutos!<br \/>\n<!-- \/epsilon\/appointment --><\/p>\n","protected":false},"excerpt":{"rendered":"<p>Atendimento especializado para seu filho, tranquilidade para voc\u00ea. Pediatria, neurologia e gastroenterologia pedi\u00e1tricas em um s\u00f3 lugar. Marca\u00e7\u00e3o de consultas Agende sua consulta online Whatsapp Entre em contato agora Pediatria Acompanhando seu filho desde o pr\u00e9-natal at\u00e9 a adolesc\u00eancia Gastroenterologia pedi\u00e1trica Acompanhamento, reabilita\u00e7\u00e3o e tratamento para doen\u00e7as do trato digestivo infantil. Neurologia pedi\u00e1trica Acompanhamos o [&hellip;]<\/p>\n","protected":false},"author":1,"featured_media":0,"parent":0,"menu_order":0,"comment_status":"closed","ping_status":"closed","template":"","meta":{"footnotes":""},"class_list":["post-19","page","type-page","status-publish","hentry"],"_links":{"self":[{"href":"https:\/\/criapediatria.com.br\/index.php\/wp-json\/wp\/v2\/pages\/19","targetHints":{"allow":["GET"]}}],"collection":[{"href":"https:\/\/criapediatria.com.br\/index.php\/wp-json\/wp\/v2\/pages"}],"about":[{"href":"https:\/\/criapediatria.com.br\/index.php\/wp-json\/wp\/v2\/types\/page"}],"author":[{"embeddable":true,"href":"https:\/\/criapediatria.com.br\/index.php\/wp-json\/wp\/v2\/users\/1"}],"replies":[{"embeddable":true,"href":"https:\/\/criapediatria.com.br\/index.php\/wp-json\/wp\/v2\/comments?post=19"}],"version-history":[{"count":31,"href":"https:\/\/criapediatria.com.br\/index.php\/wp-json\/wp\/v2\/pages\/19\/revisions"}],"predecessor-version":[{"id":187,"href":"https:\/\/criapediatria.com.br\/index.php\/wp-json\/wp\/v2\/pages\/19\/revisions\/187"}],"wp:attachment":[{"href":"https:\/\/criapediatria.com.br\/index.php\/wp-json\/wp\/v2\/media?parent=19"}],"curies":[{"name":"wp","href":"https:\/\/api.w.org\/{rel}","templated":true}]}}