{"id":89,"date":"2019-04-21T10:56:40","date_gmt":"2019-04-21T13:56:40","guid":{"rendered":"http:\/\/criapediatria.com.br\/?page_id=89"},"modified":"2019-04-21T11:09:17","modified_gmt":"2019-04-21T14:09:17","slug":"como-chegar","status":"publish","type":"page","link":"http:\/\/criapediatria.com.br\/index.php\/como-chegar\/","title":{"rendered":"Como chegar"},"content":{"rendered":"\n<p>Rua 24 de Outubro, 1440, cj. 1601 &#8211; Porto Alegre &#8211; RS<\/p>\n\n\n\n<p>A Cria Pediatria est\u00e1 localizada em Porto Alegre no bairro Auxiliadora em um endere\u00e7o central e de f\u00e1cil acesso. A escolha do novo centro multiuso Trend 24 Offices visa oferecer facilidade e conveni\u00eancia em um mall com lojas, farm\u00e1cia, restaurante, lanchonete, cafeteria e espa\u00e7o kids.<\/p>\n\n\n\n<figure><iframe loading=\"lazy\" src=\"https:\/\/www.google.com\/maps\/embed?pb=!1m18!1m12!1m3!1d3454.519279349413!2d-51.196750284885404!3d-30.021956881890457!2m3!1f0!2f0!3f0!3m2!1i1024!2i768!4f13.1!3m3!1m2!1s0x951979ced7edb4d7%3A0x92712a335992f822!2sR.+24+de+Outubro%2C+1440+-+Auxiliadora%2C+Porto+Alegre+-+RS%2C+90510-001!5e0!3m2!1spt-BR!2sbr!4v1555854981729!5m2!1spt-BR!2sbr\" width=\"600\" height=\"450\" frameborder=\"0\" style=\"border:0\" allowfullscreen=\"\"><\/iframe><\/figure>\n","protected":false},"excerpt":{"rendered":"<p>Rua 24 de Outubro, 1440, cj. 1601 &#8211; Porto Alegre &#8211; RS A Cria Pediatria est\u00e1 localizada em Porto Alegre no bairro Auxiliadora em um endere\u00e7o central e de f\u00e1cil acesso. A escolha do novo centro multiuso Trend 24 Offices visa oferecer facilidade e conveni\u00eancia em um mall com lojas, farm\u00e1cia, restaurante, lanchonete, cafeteria e [&hellip;]<\/p>\n","protected":false},"author":1,"featured_media":95,"parent":0,"menu_order":0,"comment_status":"closed","ping_status":"closed","template":"","meta":{"footnotes":""},"class_list":["post-89","page","type-page","status-publish","has-post-thumbnail","hentry"],"_links":{"self":[{"href":"http:\/\/criapediatria.com.br\/index.php\/wp-json\/wp\/v2\/pages\/89","targetHints":{"allow":["GET"]}}],"collection":[{"href":"http:\/\/criapediatria.com.br\/index.php\/wp-json\/wp\/v2\/pages"}],"about":[{"href":"http:\/\/criapediatria.com.br\/index.php\/wp-json\/wp\/v2\/types\/page"}],"author":[{"embeddable":true,"href":"http:\/\/criapediatria.com.br\/index.php\/wp-json\/wp\/v2\/users\/1"}],"replies":[{"embeddable":true,"href":"http:\/\/criapediatria.com.br\/index.php\/wp-json\/wp\/v2\/comments?post=89"}],"version-history":[{"count":3,"href":"http:\/\/criapediatria.com.br\/index.php\/wp-json\/wp\/v2\/pages\/89\/revisions"}],"predecessor-version":[{"id":96,"href":"http:\/\/criapediatria.com.br\/index.php\/wp-json\/wp\/v2\/pages\/89\/revisions\/96"}],"wp:featuredmedia":[{"embeddable":true,"href":"http:\/\/criapediatria.com.br\/index.php\/wp-json\/wp\/v2\/media\/95"}],"wp:attachment":[{"href":"http:\/\/criapediatria.com.br\/index.php\/wp-json\/wp\/v2\/media?parent=89"}],"curies":[{"name":"wp","href":"https:\/\/api.w.org\/{rel}","templated":true}]}}